{"id":970,"date":"2015-03-11T12:07:37","date_gmt":"2015-03-11T11:07:37","guid":{"rendered":"http:\/\/www.bauplan.com.bz\/it\/ueber-uns\/"},"modified":"2022-01-10T14:01:07","modified_gmt":"2022-01-10T13:01:07","slug":"chi-siamo","status":"publish","type":"page","link":"https:\/\/www.bauplan.com.bz\/it\/chi-siamo\/","title":{"rendered":"Chi siamo"},"content":{"rendered":"[mk_page_section bg_image=&#8221;https:\/\/www.bauplan.com.bz\/bau48_\/wp-content\/uploads\/bauplan-hauptbild-ueber-uns-1.jpg&#8221; bg_position=&#8221;center center&#8221; bg_repeat=&#8221;no-repeat&#8221; bg_stretch=&#8221;true&#8221; video_loop=&#8221;false&#8221; adaptive_height=&#8221;true&#8221; max_height=&#8221;500&#8243; min_height=&#8221;180&#8243; padding_top=&#8221;0&#8243; padding_bottom=&#8221;0&#8243; sidebar=&#8221;sidebar-1&#8243;][vc_column][\/vc_column][\/mk_page_section][vc_row id=&#8221;aboutcompany-ID&#8221;][vc_column][mk_padding_divider size=&#8221;80&#8243;][mk_fancy_title tag_name=&#8221;h1&#8243; color=&#8221;#ffffff&#8221; size=&#8221;30&#8243; font_weight=&#8221;bold&#8221; txt_transform=&#8221;none&#8221; margin_bottom=&#8221;0&#8243; font_family=&#8221;Arial, Helvetica, sans-serif&#8221; font_type=&#8221;safefont&#8221;]bauplan &#8230;[\/mk_fancy_title][mk_fancy_title color=&#8221;#d5d900&#8243; size=&#8221;22&#8243; font_weight=&#8221;normal&#8221; txt_transform=&#8221;none&#8221; margin_bottom=&#8221;0&#8243; font_family=&#8221;none&#8221;]misurare &#8211; progettare &#8211; elaborare[\/mk_fancy_title][mk_divider style=&#8221;thin_solid&#8221; divider_width=&#8221;custom_width&#8221; custom_width=&#8221;50&#8243; align=&#8221;left&#8221; thin_single_color=&#8221;#ffffff&#8221; thickness=&#8221;3&#8243;][vc_column_text disable_pattern=&#8221;false&#8221;]La ditta <strong>bauplan \u2026<\/strong> \u00e8 specializzata nei <strong>rilievi di opere edili esistenti<\/strong> con l\u2019ausilio delle pi\u00f9 moderne tecniche di misurazione, nella <strong>pianificazione<\/strong> di progetti preliminari attraverso i documenti di progettazione fino al progetto esecutivo e allo <strong>sviluppo tecnico in cantiere.<\/strong>[\/vc_column_text][mk_padding_divider size=&#8221;60&#8243;][\/vc_column][\/vc_row][mk_page_section bg_color=&#8221;#5d5d5d&#8221; min_height=&#8221;0&#8243; sidebar=&#8221;sidebar-1&#8243;][vc_column][mk_fancy_title color=&#8221;#ffffff&#8221; size=&#8221;18&#8243; txt_transform=&#8221;none&#8221; margin_top=&#8221;10&#8243; margin_bottom=&#8221;-20&#8243; font_family=&#8221;none&#8221; align=&#8221;center&#8221;]Siamo specializzati nei rilievi di opere edili esistenti con l\u2019ausilio delle pi\u00f9 moderne tecniche di misurazione. La misurazione di strutture irregolari come avviene spesso in vecchie masserie, pu\u00f2 avvenire con una precisione e rapidit\u00e0 mai viste prima \u2013 e quindi anche in modo conveniente.[\/mk_fancy_title][\/vc_column][\/mk_page_section][mk_page_section section_id=&#8221;process&#8221; sidebar=&#8221;sidebar-1&#8243;][vc_column][vc_row_inner][vc_column_inner width=&#8221;1\/2&#8243;][mk_padding_divider size=&#8221;80&#8243;][mk_fancy_title color=&#8221;#d5d900&#8243; size=&#8221;18&#8243; font_weight=&#8221;normal&#8221; txt_transform=&#8221;uppercase&#8221; letter_spacing=&#8221;3&#8243; margin_bottom=&#8221;0&#8243; font_family=&#8221;none&#8221;]misurare\u00a0&#8230;[\/mk_fancy_title][mk_divider style=&#8221;thin_solid&#8221; divider_width=&#8221;custom_width&#8221; custom_width=&#8221;50&#8243; align=&#8221;left&#8221; thin_single_color=&#8221;#ffffff&#8221; thickness=&#8221;3&#8243; margin_top=&#8221;30&#8243;][vc_column_text disable_pattern=&#8221;false&#8221;]La ditta <strong>bauplan \u2026<\/strong> \u00e8 specializzata nei rilievi di opere edili esistenti con l\u2019ausilio delle pi\u00f9 moderne tecniche di misurazione. Le strutture attuali vengono misurate e trasmesse in un programma CAD dove verranno analizzate e completate. Le rappresentazioni vengono trasmesse in forma di disegno 2,5D o 3D in maniera digitale. Le dimensioni o la forma dell\u2019oggetto non hanno alcuna importanza. Anche punti inaccessibili come grondaie, passaggi, camini o la posizione precisa di finestre, balconi o sporgenze possono essere individuati e rappresentati senza problemi. Anche la misurazione di strutture irregolari come avviene spesso in vecchie masserie, borghi e dimore pu\u00f2 avvenire con una precisione e rapidit\u00e0 mai viste prima \u2013 e quindi anche in modo conveniente.[\/vc_column_text][\/vc_column_inner][vc_column_inner width=&#8221;1\/2&#8243;][mk_padding_divider size=&#8221;80&#8243;][mk_image src=&#8221;https:\/\/www.bauplan.com.bz\/bau48_\/wp-content\/uploads\/bauplan-messen1.jpg&#8221; image_size=&#8221;medium&#8221; lightbox=&#8221;true&#8221; group=&#8221;_general&#8221; align=&#8221;center&#8221;][\/vc_column_inner][\/vc_row_inner][vc_row_inner][vc_column_inner width=&#8221;1\/2&#8243;][mk_padding_divider size=&#8221;80&#8243;][mk_image src=&#8221;https:\/\/www.bauplan.com.bz\/bau48_\/wp-content\/uploads\/bauplan-messen-planen-ausarbeiten.jpg&#8221; image_size=&#8221;medium&#8221; lightbox=&#8221;true&#8221; group=&#8221;_general&#8221; align=&#8221;center&#8221;][\/vc_column_inner][vc_column_inner width=&#8221;1\/2&#8243;][mk_padding_divider size=&#8221;80&#8243;][mk_fancy_title color=&#8221;#d5d900&#8243; size=&#8221;18&#8243; font_weight=&#8221;normal&#8221; txt_transform=&#8221;uppercase&#8221; letter_spacing=&#8221;3&#8243; margin_bottom=&#8221;0&#8243; font_family=&#8221;none&#8221;]progettare\u00a0&#8230;[\/mk_fancy_title][mk_divider style=&#8221;thin_solid&#8221; divider_width=&#8221;custom_width&#8221; custom_width=&#8221;50&#8243; align=&#8221;left&#8221; thin_single_color=&#8221;#ffffff&#8221; thickness=&#8221;3&#8243; margin_top=&#8221;30&#8243;][vc_column_text disable_pattern=&#8221;false&#8221;]La progettazione avviene in collaborazione con uno studio di architetti o anche autonomamente dal progetto preliminare attraverso i documenti di progettazione fino al progetto esecutivo. In Sud Tirolo \u2013 nonch\u00e9 nel vicino Tirolo orientale.<\/p>\n<p>Noi abbiamo oltre 20 anni di esperienza nella progettazione di costruzioni in legno \u2013 che siano pareti, soffitti o tetti, in struttura massiccia o modulare su montanti. Noi elaboriamo soluzioni individuali per i vostri progetti in collaborazione con architetti e statici.<\/p>\n<p>Noi creiamo piante\u00a0predisposte per il taglio manuale o forniamo i file per la lavorazione mediante macchinari.[\/vc_column_text][\/vc_column_inner][\/vc_row_inner][vc_row_inner][vc_column_inner width=&#8221;1\/2&#8243;][mk_padding_divider size=&#8221;80&#8243;][mk_fancy_title color=&#8221;#d5d900&#8243; size=&#8221;18&#8243; font_weight=&#8221;normal&#8221; txt_transform=&#8221;uppercase&#8221; letter_spacing=&#8221;3&#8243; margin_bottom=&#8221;0&#8243; font_family=&#8221;none&#8221;]elaborare\u00a0&#8230;[\/mk_fancy_title][mk_divider style=&#8221;thin_solid&#8221; divider_width=&#8221;custom_width&#8221; custom_width=&#8221;50&#8243; align=&#8221;left&#8221; thin_single_color=&#8221;#ffffff&#8221; thickness=&#8221;3&#8243; margin_top=&#8221;30&#8243;][vc_column_text disable_pattern=&#8221;false&#8221;]Su richiesta, la ditta <strong>bauplan \u2026<\/strong> si assume anche l\u2019incarico della realizzazione tecnica del cantiere. Noi eseguiamo la lavorazione di tutti i dettagli considerando i vari artigiani come ad es. elettricista, carpentiere, fabbro, esperti di tendaggi esterni, etc.[\/vc_column_text][\/vc_column_inner][vc_column_inner width=&#8221;1\/2&#8243;][mk_padding_divider size=&#8221;80&#8243;][mk_image src=&#8221;https:\/\/www.bauplan.com.bz\/bau48_\/wp-content\/uploads\/alte-gemeinde3.png&#8221; image_size=&#8221;medium&#8221; lightbox=&#8221;true&#8221; group=&#8221;_general&#8221; align=&#8221;center&#8221;][\/vc_column_inner][\/vc_row_inner][mk_padding_divider size=&#8221;80&#8243;][\/vc_column][\/mk_page_section]\n","protected":false},"excerpt":{"rendered":"<p>[mk_page_section bg_image=&#8221;https:\/\/www.bauplan.com.bz\/bau48_\/wp-content\/uploads\/bauplan-hauptbild-ueber-uns-1.jpg&#8221; bg_position=&#8221;center center&#8221; bg_repeat=&#8221;no-repeat&#8221; bg_stretch=&#8221;true&#8221; video_loop=&#8221;false&#8221; adaptive_height=&#8221;true&#8221; max_height=&#8221;500&#8243; min_height=&#8221;180&#8243; padding_top=&#8221;0&#8243; padding_bottom=&#8221;0&#8243; sidebar=&#8221;sidebar-1&#8243;][vc_column][\/vc_column][\/mk_page_section][vc_row id=&#8221;aboutcompany-ID&#8221;][vc_column][mk_padding_divider size=&#8221;80&#8243;][mk_fancy_title tag_name=&#8221;h1&#8243; color=&#8221;#ffffff&#8221; size=&#8221;30&#8243; font_weight=&#8221;bold&#8221; txt_transform=&#8221;none&#8221; margin_bottom=&#8221;0&#8243; font_family=&#8221;Arial, Helvetica, sans-serif&#8221; font_type=&#8221;safefont&#8221;]bauplan &#8230;[\/mk_fancy_title][mk_fancy_title color=&#8221;#d5d900&#8243; size=&#8221;22&#8243; font_weight=&#8221;normal&#8221; txt_transform=&#8221;none&#8221; margin_bottom=&#8221;0&#8243; font_family=&#8221;none&#8221;]misurare &#8211; progettare &#8211; elaborare[\/mk_fancy_title][mk_divider style=&#8221;thin_solid&#8221; divider_width=&#8221;custom_width&#8221; custom_width=&#8221;50&#8243; align=&#8221;left&#8221; thin_single_color=&#8221;#ffffff&#8221; thickness=&#8221;3&#8243;][vc_column_text disable_pattern=&#8221;false&#8221;]La ditta bauplan \u2026 \u00e8 specializzata nei rilievi di opere edili esistenti con [&hellip;]<\/p>\n","protected":false},"author":1,"featured_media":0,"parent":0,"menu_order":0,"comment_status":"closed","ping_status":"closed","template":"","meta":{"footnotes":""},"_links":{"self":[{"href":"https:\/\/www.bauplan.com.bz\/it\/wp-json\/wp\/v2\/pages\/970"}],"collection":[{"href":"https:\/\/www.bauplan.com.bz\/it\/wp-json\/wp\/v2\/pages"}],"about":[{"href":"https:\/\/www.bauplan.com.bz\/it\/wp-json\/wp\/v2\/types\/page"}],"author":[{"embeddable":true,"href":"https:\/\/www.bauplan.com.bz\/it\/wp-json\/wp\/v2\/users\/1"}],"replies":[{"embeddable":true,"href":"https:\/\/www.bauplan.com.bz\/it\/wp-json\/wp\/v2\/comments?post=970"}],"version-history":[{"count":0,"href":"https:\/\/www.bauplan.com.bz\/it\/wp-json\/wp\/v2\/pages\/970\/revisions"}],"wp:attachment":[{"href":"https:\/\/www.bauplan.com.bz\/it\/wp-json\/wp\/v2\/media?parent=970"}],"curies":[{"name":"wp","href":"https:\/\/api.w.org\/{rel}","templated":true}]}}